{"id":246,"date":"2021-06-14T21:16:10","date_gmt":"2021-06-14T21:16:10","guid":{"rendered":"https:\/\/larson-demo.bslthemes.com\/?page_id=246"},"modified":"2025-02-12T10:33:20","modified_gmt":"2025-02-12T10:33:20","slug":"hakkimizda","status":"publish","type":"page","link":"https:\/\/sumgrup.com.tr\/en\/hakkimizda\/","title":{"rendered":"About Us"},"content":{"rendered":"<div data-elementor-type=\"wp-page\" data-elementor-id=\"246\" class=\"elementor elementor-246\">\n\t\t\t\t\t\t<section class=\"elementor-section elementor-top-section elementor-element elementor-element-a41e2b2 elementor-section-full_width elementor-section-height-default elementor-section-height-default\" data-id=\"a41e2b2\" data-element_type=\"section\">\n\t\t\t\t\t\t<div class=\"elementor-container elementor-column-gap-no\">\n\t\t\t\t\t<div class=\"elementor-column elementor-col-100 elementor-top-column elementor-element elementor-element-97c067e\" data-id=\"97c067e\" data-element_type=\"column\">\n\t\t\t<div class=\"elementor-widget-wrap elementor-element-populated\">\n\t\t\t\t\t\t<div class=\"elementor-element elementor-element-4f6d00e elementor-widget elementor-widget-larson-intro\" data-id=\"4f6d00e\" data-element_type=\"widget\" data-widget_type=\"larson-intro.default\">\n\t\t\t\t<div class=\"elementor-widget-container\">\n\t\t\t\t\t\n\t\t<article class=\"article\">\n\t        <header class=\"article__header\">\n\t          <div class=\"container\">\n\t            \t            <h1 class=\"article__heading heading heading--size-large\">\n\t            \t<span >\n\t\t\t\t\t\tWho<br><span class=\"color-yellow\">We Are ?<\/span>\t\t\t\t\t<\/span>\n\t            <\/h1>\n\t            \t            \t          <\/div>\n\t        <\/header>\n\t        \t        <div class=\"article__about-hero container\">\n\t          <img decoding=\"async\" src=\"https:\/\/sumgrup.com.tr\/wp-content\/uploads\/2021\/07\/bg-1.jpg\" alt=\"\" \/>\n\t        <\/div>\n\t        \t    <\/article>\n\n\t\t\t\t\t\t<\/div>\n\t\t\t\t<\/div>\n\t\t\t\t\t<\/div>\n\t\t<\/div>\n\t\t\t\t\t<\/div>\n\t\t<\/section>\n\t\t\t\t<section class=\"elementor-section elementor-top-section elementor-element elementor-element-4c57874 elementor-section-full_width elementor-section-height-default elementor-section-height-default\" data-id=\"4c57874\" data-element_type=\"section\">\n\t\t\t\t\t\t<div class=\"elementor-container elementor-column-gap-no\">\n\t\t\t\t\t<div class=\"elementor-column elementor-col-100 elementor-top-column elementor-element elementor-element-362f2fe\" data-id=\"362f2fe\" data-element_type=\"column\">\n\t\t\t<div class=\"elementor-widget-wrap elementor-element-populated\">\n\t\t\t\t\t\t<div class=\"elementor-element elementor-element-fae3345 elementor-widget elementor-widget-larson-about-description\" data-id=\"fae3345\" data-element_type=\"widget\" data-widget_type=\"larson-about-description.default\">\n\t\t\t\t<div class=\"elementor-widget-container\">\n\t\t\t\t\t\n\t\t<section class=\"webpage__about-block about-block about-block--columns\">\n          <div class=\"about-block__inner container\" data-number=\"01.\">\n                        <header class=\"about-block__header\" data-aos=\"fade\">\n              <h2 class=\"about-block__heading heading\">\n              \t<span >\n\t\t\t\t\tAbout Us\t\t\t\t<\/span>\n              <\/h2>\n            <\/header>\n                                    <div class=\"about-block__main\">\n                            <div class=\"about-block__text\" data-aos=\"fade\">\n                <div >\n\t\t\t\t\t<p>Since 2009, Sum Yap\u0131 has been continuing its operations in the construction sector with a focus on superior service and expertise, utilizing its knowledge and experience to deliver high-quality projects. The company is dedicated to excellence in every step of its work.<\/p><p>In addition to memorable and modern architectural concepts, we aim to provide high-quality living spaces for investors with earthquake-resistant structures that comply with building regulations.<\/p><p>Sum Yap\u0131 continues to innovate and create new projects with a customer-centric approach, committed to crafting success stories. Their focus remains on delivering quality and excellence in every project, ensuring customer satisfaction and long-term success in the construction industry.<\/p><p class=\"p1\"><i><span style=\"font-family: 'Arial',sans-serif\">Umut Bakan - Serkan Okyay<\/span><\/i><\/p>\t\t\t\t<\/div>\n              <\/div>\n                                        <\/div>\n                      <\/div>\n        <\/section>\n\n\t\t\t\t\t\t<\/div>\n\t\t\t\t<\/div>\n\t\t\t\t\t<\/div>\n\t\t<\/div>\n\t\t\t\t\t<\/div>\n\t\t<\/section>\n\t\t\t\t<section class=\"elementor-section elementor-top-section elementor-element elementor-element-962412c elementor-section-full_width elementor-section-height-default elementor-section-height-default\" data-id=\"962412c\" data-element_type=\"section\">\n\t\t\t\t\t\t<div class=\"elementor-container elementor-column-gap-no\">\n\t\t\t\t\t<div class=\"elementor-column elementor-col-100 elementor-top-column elementor-element elementor-element-f0c631b\" data-id=\"f0c631b\" data-element_type=\"column\">\n\t\t\t<div class=\"elementor-widget-wrap elementor-element-populated\">\n\t\t\t\t\t\t<div class=\"elementor-element elementor-element-2b54a0f elementor-widget elementor-widget-larson-about-description\" data-id=\"2b54a0f\" data-element_type=\"widget\" data-widget_type=\"larson-about-description.default\">\n\t\t\t\t<div class=\"elementor-widget-container\">\n\t\t\t\t\t\n\t\t<section class=\"webpage__about-block about-block about-block--columns\">\n          <div class=\"about-block__inner container\">\n                        <header class=\"about-block__header\" data-aos=\"fade\">\n              <h2 class=\"about-block__heading heading\">\n              \t<span >\n\t\t\t\t\tOur Team\t\t\t\t<\/span>\n              <\/h2>\n            <\/header>\n                                  <\/div>\n        <\/section>\n\n\t\t\t\t\t\t<\/div>\n\t\t\t\t<\/div>\n\t\t\t\t<div class=\"elementor-element elementor-element-85ed87c elementor-widget elementor-widget-larson-team\" data-id=\"85ed87c\" data-element_type=\"widget\" data-widget_type=\"larson-team.default\">\n\t\t\t\t<div class=\"elementor-widget-container\">\n\t\t\t\t\t\n\t\t<section class=\"webpage__team-section team-section\">\n\t        <div class=\"about-block__inner container\" >\n\t          \t          \t          <ul class=\"team-section__list team-list row\">\n\t          \t\t            <li class=\"team-list__item col-12 col-md-6 col-lg-4\" data-aos=\"fade\" data-aos-delay=\"0\">\n\t              <div class=\"card card--team\" tabindex=\"0\">\n\t                \t                <div class=\"card__image\">\n\t                  <img fetchpriority=\"high\" decoding=\"async\" src=\"https:\/\/sumgrup.com.tr\/wp-content\/uploads\/2021\/07\/fatihakin.jpg\" width=\"350\" height=\"530\" alt=\"Fatih Ak\u0131n\" \/>\n\t                <\/div>\n\t                \t                <div class=\"card__content\">\n\t                  \t                  <h3 class=\"card__heading\">\n\t                  \t<span >\n\t\t\t\t\t\t\tFatih Ak\u0131n\t\t\t\t\t\t<\/span>\n\t                  <\/h3>\n\t                  \t                  \t                  <div class=\"card__text\">\n\t                  \t<span >\n\t\t\t\t\t\t\tCivil Engineer\t\t\t\t\t\t<\/span>\n\t                  <\/div>\n\t                  \t                  \t                <\/div>\n\t              <\/div>\n\t            <\/li>\n\t            \t            <li class=\"team-list__item col-12 col-md-6 col-lg-4\" data-aos=\"fade\" data-aos-delay=\"200\">\n\t              <div class=\"card card--team\" tabindex=\"0\">\n\t                \t                <div class=\"card__image\">\n\t                  <img decoding=\"async\" src=\"https:\/\/sumgrup.com.tr\/wp-content\/uploads\/2021\/07\/nezir-keskin.jpg\" width=\"350\" height=\"530\" alt=\"Nezir Keskin\" \/>\n\t                <\/div>\n\t                \t                <div class=\"card__content\">\n\t                  \t                  <h3 class=\"card__heading\">\n\t                  \t<span >\n\t\t\t\t\t\t\tNezir Keskin\t\t\t\t\t\t<\/span>\n\t                  <\/h3>\n\t                  \t                  \t                  <div class=\"card__text\">\n\t                  \t<span >\n\t\t\t\t\t\t\tCivil Engineer\t\t\t\t\t\t<\/span>\n\t                  <\/div>\n\t                  \t                  \t                <\/div>\n\t              <\/div>\n\t            <\/li>\n\t            \t            <li class=\"team-list__item col-12 col-md-6 col-lg-4\" data-aos=\"fade\" data-aos-delay=\"400\">\n\t              <div class=\"card card--team\" tabindex=\"0\">\n\t                \t                <div class=\"card__image\">\n\t                  <img decoding=\"async\" src=\"https:\/\/sumgrup.com.tr\/wp-content\/uploads\/2021\/07\/ahmeterdem.jpg\" width=\"350\" height=\"530\" alt=\"Ahmet Erdem Mermer\" \/>\n\t                <\/div>\n\t                \t                <div class=\"card__content\">\n\t                  \t                  <h3 class=\"card__heading\">\n\t                  \t<span >\n\t\t\t\t\t\t\tAhmet Erdem Mermer\t\t\t\t\t\t<\/span>\n\t                  <\/h3>\n\t                  \t                  \t                  <div class=\"card__text\">\n\t                  \t<span >\n\t\t\t\t\t\t\tArchitect\t\t\t\t\t\t<\/span>\n\t                  <\/div>\n\t                  \t                  \t                <\/div>\n\t              <\/div>\n\t            <\/li>\n\t            \t            <li class=\"team-list__item col-12 col-md-6 col-lg-4\" data-aos=\"fade\" data-aos-delay=\"600\">\n\t              <div class=\"card card--team\" tabindex=\"0\">\n\t                \t                <div class=\"card__image\">\n\t                  <img loading=\"lazy\" decoding=\"async\" src=\"https:\/\/sumgrup.com.tr\/wp-content\/uploads\/2021\/07\/emreakkiraz.jpg\" width=\"350\" height=\"530\" alt=\"Emre Akkiraz\" \/>\n\t                <\/div>\n\t                \t                <div class=\"card__content\">\n\t                  \t                  <h3 class=\"card__heading\">\n\t                  \t<span >\n\t\t\t\t\t\t\tEmre Akkiraz\t\t\t\t\t\t<\/span>\n\t                  <\/h3>\n\t                  \t                  \t                  <div class=\"card__text\">\n\t                  \t<span >\n\t\t\t\t\t\t\tInterior Architect\t\t\t\t\t\t<\/span>\n\t                  <\/div>\n\t                  \t                  \t                <\/div>\n\t              <\/div>\n\t            <\/li>\n\t            \t            <li class=\"team-list__item col-12 col-md-6 col-lg-4\" data-aos=\"fade\" data-aos-delay=\"800\">\n\t              <div class=\"card card--team\" tabindex=\"0\">\n\t                \t                <div class=\"card__image\">\n\t                  <img loading=\"lazy\" decoding=\"async\" src=\"https:\/\/sumgrup.com.tr\/wp-content\/uploads\/2024\/12\/1069af24-c257-42e5-b837-6c60f03888a4-900x1260.jpg\" width=\"350\" height=\"530\" alt=\"Dilan A\u015fnaz\" \/>\n\t                <\/div>\n\t                \t                <div class=\"card__content\">\n\t                  \t                  <h3 class=\"card__heading\">\n\t                  \t<span >\n\t\t\t\t\t\t\tDilan A\u015fnaz\t\t\t\t\t\t<\/span>\n\t                  <\/h3>\n\t                  \t                  \t                  <div class=\"card__text\">\n\t                  \t<span >\n\t\t\t\t\t\t\tInterior Architect\t\t\t\t\t\t<\/span>\n\t                  <\/div>\n\t                  \t                  \t                <\/div>\n\t              <\/div>\n\t            <\/li>\n\t            \t            <li class=\"team-list__item col-12 col-md-6 col-lg-4\" data-aos=\"fade\" data-aos-delay=\"1000\">\n\t              <div class=\"card card--team\" tabindex=\"0\">\n\t                \t                <div class=\"card__image\">\n\t                  <img loading=\"lazy\" decoding=\"async\" src=\"https:\/\/sumgrup.com.tr\/wp-content\/uploads\/2025\/01\/dba909ae-b171-4228-93a2-6fb5bb443951-900x1359.jpg\" width=\"350\" height=\"530\" alt=\"Fulya Korkmaz\" \/>\n\t                <\/div>\n\t                \t                <div class=\"card__content\">\n\t                  \t                  <h3 class=\"card__heading\">\n\t                  \t<span >\n\t\t\t\t\t\t\tFulya Korkmaz\t\t\t\t\t\t<\/span>\n\t                  <\/h3>\n\t                  \t                  \t                  <div class=\"card__text\">\n\t                  \t<span >\n\t\t\t\t\t\t\tArchitect\t\t\t\t\t\t<\/span>\n\t                  <\/div>\n\t                  \t                  \t                <\/div>\n\t              <\/div>\n\t            <\/li>\n\t            \t            <li class=\"team-list__item col-12 col-md-6 col-lg-4\" data-aos=\"fade\" data-aos-delay=\"1200\">\n\t              <div class=\"card card--team\" tabindex=\"0\">\n\t                \t                <div class=\"card__image\">\n\t                  <img loading=\"lazy\" decoding=\"async\" src=\"https:\/\/sumgrup.com.tr\/wp-content\/uploads\/2021\/07\/burakgogercin.jpg\" width=\"350\" height=\"530\" alt=\"Burak G\u00f6\u011fercin\" \/>\n\t                <\/div>\n\t                \t                <div class=\"card__content\">\n\t                  \t                  <h3 class=\"card__heading\">\n\t                  \t<span >\n\t\t\t\t\t\t\tBurak G\u00f6\u011fercin\t\t\t\t\t\t<\/span>\n\t                  <\/h3>\n\t                  \t                  \t                  <div class=\"card__text\">\n\t                  \t<span >\n\t\t\t\t\t\t\tSurvey Engineer\t\t\t\t\t\t<\/span>\n\t                  <\/div>\n\t                  \t                  \t                <\/div>\n\t              <\/div>\n\t            <\/li>\n\t            \t            <li class=\"team-list__item col-12 col-md-6 col-lg-4\" data-aos=\"fade\" data-aos-delay=\"1400\">\n\t              <div class=\"card card--team\" tabindex=\"0\">\n\t                \t                <div class=\"card__image\">\n\t                  <img loading=\"lazy\" decoding=\"async\" src=\"https:\/\/sumgrup.com.tr\/wp-content\/uploads\/2025\/01\/38eccc80-ead0-4fe9-b289-a177e5c831ba-2.jpg\" width=\"350\" height=\"530\" alt=\"Melehat Ece \u00d6z\u00e7eri\" \/>\n\t                <\/div>\n\t                \t                <div class=\"card__content\">\n\t                  \t                  <h3 class=\"card__heading\">\n\t                  \t<span >\n\t\t\t\t\t\t\tMelehat Ece \u00d6z\u00e7eri\t\t\t\t\t\t<\/span>\n\t                  <\/h3>\n\t                  \t                  \t                  <div class=\"card__text\">\n\t                  \t<span >\n\t\t\t\t\t\t\tSurvey Engineer\t\t\t\t\t\t<\/span>\n\t                  <\/div>\n\t                  \t                  \t                <\/div>\n\t              <\/div>\n\t            <\/li>\n\t            \t            <li class=\"team-list__item col-12 col-md-6 col-lg-4\" data-aos=\"fade\" data-aos-delay=\"1600\">\n\t              <div class=\"card card--team\" tabindex=\"0\">\n\t                \t                <div class=\"card__image\">\n\t                  <img loading=\"lazy\" decoding=\"async\" src=\"https:\/\/sumgrup.com.tr\/wp-content\/uploads\/2021\/08\/c8ae7384-9b14-49bb-b671-ce7605dad25c.jpg\" width=\"350\" height=\"530\" alt=\"Cahit Keskin\" \/>\n\t                <\/div>\n\t                \t                <div class=\"card__content\">\n\t                  \t                  <h3 class=\"card__heading\">\n\t                  \t<span >\n\t\t\t\t\t\t\tCahit Keskin\t\t\t\t\t\t<\/span>\n\t                  <\/h3>\n\t                  \t                  \t                  <div class=\"card__text\">\n\t                  \t<span >\n\t\t\t\t\t\t\tStewardry\t\t\t\t\t\t<\/span>\n\t                  <\/div>\n\t                  \t                  \t                <\/div>\n\t              <\/div>\n\t            <\/li>\n\t            \n\t            \t          <\/ul>\n\t          \t        <\/div>\n\t    <\/section>\n\n\t\t\t\t\t\t<\/div>\n\t\t\t\t<\/div>\n\t\t\t\t\t<\/div>\n\t\t<\/div>\n\t\t\t\t\t<\/div>\n\t\t<\/section>\n\t\t\t\t<section class=\"elementor-section elementor-top-section elementor-element elementor-element-b68bb58 elementor-section-full_width elementor-section-height-default elementor-section-height-default\" data-id=\"b68bb58\" data-element_type=\"section\">\n\t\t\t\t\t\t<div class=\"elementor-container elementor-column-gap-no\">\n\t\t\t\t\t<div class=\"elementor-column elementor-col-100 elementor-top-column elementor-element elementor-element-9992a51\" data-id=\"9992a51\" data-element_type=\"column\">\n\t\t\t<div class=\"elementor-widget-wrap elementor-element-populated\">\n\t\t\t\t\t\t<div class=\"elementor-element elementor-element-ac43bca elementor-widget elementor-widget-larson-partners\" data-id=\"ac43bca\" data-element_type=\"widget\" data-widget_type=\"larson-partners.default\">\n\t\t\t\t<div class=\"elementor-widget-container\">\n\t\t\t\t\t\n\t\t<!-- Partners-->\n\t\t<section class=\"webpage__partners partners\">\n\t\t\t<div class=\"partners__inner container\">\n\t\t\t  \t\t\t  <ul class=\"partners__list\">\n\t\t\t    \t\t\t    <li class=\"partners__item\" data-aos=\"fade\" data-aos-delay=\"0\">\n\t\t\t      \t\t\t\t  <a title=\"http:\/\/behr%20handelsagentur\">\n\t\t\t\t  \t\t\t      \t\t\t      <img decoding=\"async\" src=\"https:\/\/sumgrup.com.tr\/wp-content\/uploads\/2025\/01\/sum-evleri.jpg\" alt=\"http:\/\/behr%20handelsagentur\" \/>\n\t\t\t      \t\t\t      \t\t\t\t  <\/a>\n\t\t\t\t  \t\t\t    <\/li>\n\t\t\t    \t\t\t    <li class=\"partners__item\" data-aos=\"fade\" data-aos-delay=\"200\">\n\t\t\t      \t\t\t\t  <a title=\"http:\/\/artchive%20crafts%20gallery\">\n\t\t\t\t  \t\t\t      \t\t\t      <img decoding=\"async\" src=\"https:\/\/sumgrup.com.tr\/wp-content\/uploads\/2025\/01\/logo-1-900x709.jpg\" alt=\"http:\/\/artchive%20crafts%20gallery\" \/>\n\t\t\t      \t\t\t      \t\t\t\t  <\/a>\n\t\t\t\t  \t\t\t    <\/li>\n\t\t\t    \t\t\t    <li class=\"partners__item\" data-aos=\"fade\" data-aos-delay=\"400\">\n\t\t\t      \t\t\t\t  <a title=\"http:\/\/Enter%20title\">\n\t\t\t\t  \t\t\t      \t\t\t      <img decoding=\"async\" src=\"https:\/\/sumgrup.com.tr\/wp-content\/uploads\/2021\/07\/SUMYAPI-LOGO-01-1-e1734990637504.png\" alt=\"http:\/\/Enter%20title\" \/>\n\t\t\t      \t\t\t      \t\t\t\t  <\/a>\n\t\t\t\t  \t\t\t    <\/li>\n\t\t\t    \t\t\t    <li class=\"partners__item\" data-aos=\"fade\" data-aos-delay=\"600\">\n\t\t\t      \t\t\t\t  <a title=\"http:\/\/christopher%20willis\">\n\t\t\t\t  \t\t\t      \t\t\t      <img decoding=\"async\" src=\"https:\/\/sumgrup.com.tr\/wp-content\/uploads\/2025\/01\/familia3.jpg\" alt=\"http:\/\/christopher%20willis\" \/>\n\t\t\t      \t\t\t      \t\t\t\t  <\/a>\n\t\t\t\t  \t\t\t    <\/li>\n\t\t\t    \t\t\t    <li class=\"partners__item\" data-aos=\"fade\" data-aos-delay=\"800\">\n\t\t\t      \t\t\t\t  <a title=\"http:\/\/artchive%20crasfts%20gallery\">\n\t\t\t\t  \t\t\t      \t\t\t      <img decoding=\"async\" src=\"https:\/\/sumgrup.com.tr\/wp-content\/uploads\/2025\/01\/logo.jpg\" alt=\"http:\/\/artchive%20crasfts%20gallery\" \/>\n\t\t\t      \t\t\t      \t\t\t\t  <\/a>\n\t\t\t\t  \t\t\t    <\/li>\n\t\t\t    \t\t\t  <\/ul>\n\t\t\t  \t\t\t<\/div>\n\t\t<\/section>\n\n\t\t\t\t\t\t<\/div>\n\t\t\t\t<\/div>\n\t\t\t\t\t<\/div>\n\t\t<\/div>\n\t\t\t\t\t<\/div>\n\t\t<\/section>\n\t\t\t\t<\/div>","protected":false},"excerpt":{"rendered":"<p>BizKimiz Hakk\u0131m\u0131zda Sum Yap\u0131 olarak 2009&#8217;dan bu yana bilgi ve tecru\u0308benin \u0131\u015f\u0131\u011f\u0131nda u\u0308stu\u0308n hizmet anlay\u0131\u015f\u0131 ile in\u015faat sekt\u00f6ru\u0308nde faaliyetlerimize devam etmekteyiz. Ak\u0131lda kal\u0131c\u0131 ve modern mimari konseptlerin yan\u0131 s\u0131ra, deprem y\u00f6netmeli\u011fine uygun sa\u011flam yap\u0131larla da yat\u0131r\u0131mc\u0131lar\u0131na kaliteli ya\u015fam alanlar\u0131 sunmay\u0131 hedefliyoruz. Sum Yap\u0131, yenilik\u00e7i ve mu\u0308\u015fteri odakl\u0131 yap\u0131s\u0131 ile yeni&#8230; <\/p>\n<div class=\"readmore\"><a href=\"https:\/\/sumgrup.com.tr\/en\/hakkimizda\/\" class=\"btn-link\">Read more<\/a><\/div>","protected":false},"author":1,"featured_media":0,"parent":0,"menu_order":0,"comment_status":"closed","ping_status":"closed","template":"template-elementor-default.php","meta":{"_acf_changed":false,"footnotes":""},"class_list":["post-246","page","type-page","status-publish","hentry"],"acf":[],"aioseo_notices":[],"_links":{"self":[{"href":"https:\/\/sumgrup.com.tr\/en\/wp-json\/wp\/v2\/pages\/246","targetHints":{"allow":["GET"]}}],"collection":[{"href":"https:\/\/sumgrup.com.tr\/en\/wp-json\/wp\/v2\/pages"}],"about":[{"href":"https:\/\/sumgrup.com.tr\/en\/wp-json\/wp\/v2\/types\/page"}],"author":[{"embeddable":true,"href":"https:\/\/sumgrup.com.tr\/en\/wp-json\/wp\/v2\/users\/1"}],"replies":[{"embeddable":true,"href":"https:\/\/sumgrup.com.tr\/en\/wp-json\/wp\/v2\/comments?post=246"}],"version-history":[{"count":29,"href":"https:\/\/sumgrup.com.tr\/en\/wp-json\/wp\/v2\/pages\/246\/revisions"}],"predecessor-version":[{"id":2074,"href":"https:\/\/sumgrup.com.tr\/en\/wp-json\/wp\/v2\/pages\/246\/revisions\/2074"}],"wp:attachment":[{"href":"https:\/\/sumgrup.com.tr\/en\/wp-json\/wp\/v2\/media?parent=246"}],"curies":[{"name":"wp","href":"https:\/\/api.w.org\/{rel}","templated":true}]}}