{"id":360,"date":"2021-06-17T11:27:23","date_gmt":"2021-06-17T11:27:23","guid":{"rendered":"https:\/\/larson-demo.bslthemes.com\/?page_id=360"},"modified":"2025-01-21T13:01:51","modified_gmt":"2025-01-21T13:01:51","slug":"ekibimiz","status":"publish","type":"page","link":"https:\/\/sumgrup.com.tr\/en\/ekibimiz\/","title":{"rendered":"Team"},"content":{"rendered":"<div data-elementor-type=\"wp-page\" data-elementor-id=\"360\" class=\"elementor elementor-360\">\n\t\t\t\t\t\t<section class=\"elementor-section elementor-top-section elementor-element elementor-element-a41e2b2 elementor-section-full_width elementor-section-height-default elementor-section-height-default\" data-id=\"a41e2b2\" data-element_type=\"section\">\n\t\t\t\t\t\t<div class=\"elementor-container elementor-column-gap-no\">\n\t\t\t\t\t<div class=\"elementor-column elementor-col-100 elementor-top-column elementor-element elementor-element-97c067e\" data-id=\"97c067e\" data-element_type=\"column\">\n\t\t\t<div class=\"elementor-widget-wrap elementor-element-populated\">\n\t\t\t\t\t\t<div class=\"elementor-element elementor-element-4f6d00e elementor-widget elementor-widget-larson-intro\" data-id=\"4f6d00e\" data-element_type=\"widget\" data-widget_type=\"larson-intro.default\">\n\t\t\t\t<div class=\"elementor-widget-container\">\n\t\t\t\t\t\n\t\t<article class=\"article\">\n\t        <header class=\"article__header\">\n\t          <div class=\"container\">\n\t            \t            <h1 class=\"article__heading heading heading--size-large\">\n\t            \t<span >\n\t\t\t\t\t\t              <span class=\"color-yellow\">Our<\/span> Team\t\t\t\t\t<\/span>\n\t            <\/h1>\n\t            \t            \t          <\/div>\n\t        <\/header>\n\t        \t    <\/article>\n\n\t\t\t\t\t\t<\/div>\n\t\t\t\t<\/div>\n\t\t\t\t\t<\/div>\n\t\t<\/div>\n\t\t\t\t\t<\/div>\n\t\t<\/section>\n\t\t\t\t<section class=\"elementor-section elementor-top-section elementor-element elementor-element-de541bc elementor-section-full_width elementor-section-height-default elementor-section-height-default\" data-id=\"de541bc\" data-element_type=\"section\">\n\t\t\t\t\t\t<div class=\"elementor-container elementor-column-gap-no\">\n\t\t\t\t\t<div class=\"elementor-column elementor-col-100 elementor-top-column elementor-element elementor-element-a2a2c70\" data-id=\"a2a2c70\" data-element_type=\"column\">\n\t\t\t<div class=\"elementor-widget-wrap elementor-element-populated\">\n\t\t\t\t\t\t<div class=\"elementor-element elementor-element-003978f elementor-widget elementor-widget-larson-team\" data-id=\"003978f\" data-element_type=\"widget\" data-widget_type=\"larson-team.default\">\n\t\t\t\t<div class=\"elementor-widget-container\">\n\t\t\t\t\t\n\t\t<section class=\"webpage__team-section team-section\">\n\t        <div class=\"about-block__inner container\"  data-number=\"02.\">\n\t          \t          \t          <ul class=\"team-section__list team-list row\">\n\t          \t\t            <li class=\"team-list__item col-12 col-md-6 col-lg-4\" data-aos=\"fade\" data-aos-delay=\"0\">\n\t              <div class=\"card card--team\" tabindex=\"0\">\n\t                \t                <div class=\"card__image\">\n\t                  <img fetchpriority=\"high\" decoding=\"async\" src=\"https:\/\/sumgrup.com.tr\/wp-content\/uploads\/2021\/07\/fatihakin.jpg\" width=\"350\" height=\"530\" alt=\"Fatih Ak\u0131n\" \/>\n\t                <\/div>\n\t                \t                <div class=\"card__content\">\n\t                  \t                  <h3 class=\"card__heading\">\n\t                  \t<span >\n\t\t\t\t\t\t\tFatih Ak\u0131n\t\t\t\t\t\t<\/span>\n\t                  <\/h3>\n\t                  \t                  \t                  <div class=\"card__text\">\n\t                  \t<span >\n\t\t\t\t\t\t\tCivil Engineer\t\t\t\t\t\t<\/span>\n\t                  <\/div>\n\t                  \t                  \t                <\/div>\n\t              <\/div>\n\t            <\/li>\n\t            \t            <li class=\"team-list__item col-12 col-md-6 col-lg-4\" data-aos=\"fade\" data-aos-delay=\"200\">\n\t              <div class=\"card card--team\" tabindex=\"0\">\n\t                \t                <div class=\"card__image\">\n\t                  <img decoding=\"async\" src=\"https:\/\/sumgrup.com.tr\/wp-content\/uploads\/2021\/07\/nezir-keskin.jpg\" width=\"350\" height=\"530\" alt=\"Nezir Keskin\" \/>\n\t                <\/div>\n\t                \t                <div class=\"card__content\">\n\t                  \t                  <h3 class=\"card__heading\">\n\t                  \t<span >\n\t\t\t\t\t\t\tNezir Keskin\t\t\t\t\t\t<\/span>\n\t                  <\/h3>\n\t                  \t                  \t                  <div class=\"card__text\">\n\t                  \t<span >\n\t\t\t\t\t\t\tCivil Engineer\t\t\t\t\t\t<\/span>\n\t                  <\/div>\n\t                  \t                  \t                <\/div>\n\t              <\/div>\n\t            <\/li>\n\t            \t            <li class=\"team-list__item col-12 col-md-6 col-lg-4\" data-aos=\"fade\" data-aos-delay=\"400\">\n\t              <div class=\"card card--team\" tabindex=\"0\">\n\t                \t                <div class=\"card__image\">\n\t                  <img decoding=\"async\" src=\"https:\/\/sumgrup.com.tr\/wp-content\/uploads\/2021\/07\/ahmeterdem.jpg\" width=\"350\" height=\"530\" alt=\"Ahmet Erdem Mermer\" \/>\n\t                <\/div>\n\t                \t                <div class=\"card__content\">\n\t                  \t                  <h3 class=\"card__heading\">\n\t                  \t<span >\n\t\t\t\t\t\t\tAhmet Erdem Mermer\t\t\t\t\t\t<\/span>\n\t                  <\/h3>\n\t                  \t                  \t                  <div class=\"card__text\">\n\t                  \t<span >\n\t\t\t\t\t\t\tArchitect\t\t\t\t\t\t<\/span>\n\t                  <\/div>\n\t                  \t                  \t                <\/div>\n\t              <\/div>\n\t            <\/li>\n\t            \t            <li class=\"team-list__item col-12 col-md-6 col-lg-4\" data-aos=\"fade\" data-aos-delay=\"600\">\n\t              <div class=\"card card--team\" tabindex=\"0\">\n\t                \t                <div class=\"card__image\">\n\t                  <img loading=\"lazy\" decoding=\"async\" src=\"https:\/\/sumgrup.com.tr\/wp-content\/uploads\/2021\/07\/emreakkiraz.jpg\" width=\"350\" height=\"530\" alt=\"Emre Akkiraz\" \/>\n\t                <\/div>\n\t                \t                <div class=\"card__content\">\n\t                  \t                  <h3 class=\"card__heading\">\n\t                  \t<span >\n\t\t\t\t\t\t\tEmre Akkiraz\t\t\t\t\t\t<\/span>\n\t                  <\/h3>\n\t                  \t                  \t                  <div class=\"card__text\">\n\t                  \t<span >\n\t\t\t\t\t\t\tInterior Architect\t\t\t\t\t\t<\/span>\n\t                  <\/div>\n\t                  \t                  \t                <\/div>\n\t              <\/div>\n\t            <\/li>\n\t            \t            <li class=\"team-list__item col-12 col-md-6 col-lg-4\" data-aos=\"fade\" data-aos-delay=\"800\">\n\t              <div class=\"card card--team\" tabindex=\"0\">\n\t                \t                <div class=\"card__image\">\n\t                  <img loading=\"lazy\" decoding=\"async\" src=\"https:\/\/sumgrup.com.tr\/wp-content\/uploads\/2024\/12\/1069af24-c257-42e5-b837-6c60f03888a4-900x1260.jpg\" width=\"350\" height=\"530\" alt=\"Dilan A\u015fnaz\" \/>\n\t                <\/div>\n\t                \t                <div class=\"card__content\">\n\t                  \t                  <h3 class=\"card__heading\">\n\t                  \t<span >\n\t\t\t\t\t\t\tDilan A\u015fnaz\t\t\t\t\t\t<\/span>\n\t                  <\/h3>\n\t                  \t                  \t                  <div class=\"card__text\">\n\t                  \t<span >\n\t\t\t\t\t\t\tInterior Architect\t\t\t\t\t\t<\/span>\n\t                  <\/div>\n\t                  \t                  \t                <\/div>\n\t              <\/div>\n\t            <\/li>\n\t            \t            <li class=\"team-list__item col-12 col-md-6 col-lg-4\" data-aos=\"fade\" data-aos-delay=\"1000\">\n\t              <div class=\"card card--team\" tabindex=\"0\">\n\t                \t                <div class=\"card__image\">\n\t                  <img loading=\"lazy\" decoding=\"async\" src=\"https:\/\/sumgrup.com.tr\/wp-content\/uploads\/2025\/01\/dba909ae-b171-4228-93a2-6fb5bb443951-900x1359.jpg\" width=\"350\" height=\"530\" alt=\"Fulya Korkmaz\" \/>\n\t                <\/div>\n\t                \t                <div class=\"card__content\">\n\t                  \t                  <h3 class=\"card__heading\">\n\t                  \t<span >\n\t\t\t\t\t\t\tFulya Korkmaz\t\t\t\t\t\t<\/span>\n\t                  <\/h3>\n\t                  \t                  \t                  <div class=\"card__text\">\n\t                  \t<span >\n\t\t\t\t\t\t\tArchitect\t\t\t\t\t\t<\/span>\n\t                  <\/div>\n\t                  \t                  \t                <\/div>\n\t              <\/div>\n\t            <\/li>\n\t            \t            <li class=\"team-list__item col-12 col-md-6 col-lg-4\" data-aos=\"fade\" data-aos-delay=\"1200\">\n\t              <div class=\"card card--team\" tabindex=\"0\">\n\t                \t                <div class=\"card__image\">\n\t                  <img loading=\"lazy\" decoding=\"async\" src=\"https:\/\/sumgrup.com.tr\/wp-content\/uploads\/2021\/07\/burakgogercin.jpg\" width=\"350\" height=\"530\" alt=\"Burak G\u00f6\u011fercin\" \/>\n\t                <\/div>\n\t                \t                <div class=\"card__content\">\n\t                  \t                  <h3 class=\"card__heading\">\n\t                  \t<span >\n\t\t\t\t\t\t\tBurak G\u00f6\u011fercin\t\t\t\t\t\t<\/span>\n\t                  <\/h3>\n\t                  \t                  \t                  <div class=\"card__text\">\n\t                  \t<span >\n\t\t\t\t\t\t\tSurvey Engineer\t\t\t\t\t\t<\/span>\n\t                  <\/div>\n\t                  \t                  \t                <\/div>\n\t              <\/div>\n\t            <\/li>\n\t            \t            <li class=\"team-list__item col-12 col-md-6 col-lg-4\" data-aos=\"fade\" data-aos-delay=\"1400\">\n\t              <div class=\"card card--team\" tabindex=\"0\">\n\t                \t                <div class=\"card__image\">\n\t                  <img loading=\"lazy\" decoding=\"async\" src=\"https:\/\/sumgrup.com.tr\/wp-content\/uploads\/2025\/01\/38eccc80-ead0-4fe9-b289-a177e5c831ba-2.jpg\" width=\"350\" height=\"530\" alt=\"Melehat Ece \u00d6z\u00e7eri\" \/>\n\t                <\/div>\n\t                \t                <div class=\"card__content\">\n\t                  \t                  <h3 class=\"card__heading\">\n\t                  \t<span >\n\t\t\t\t\t\t\tMelehat Ece \u00d6z\u00e7eri\t\t\t\t\t\t<\/span>\n\t                  <\/h3>\n\t                  \t                  \t                  <div class=\"card__text\">\n\t                  \t<span >\n\t\t\t\t\t\t\tSurvey Engineer\t\t\t\t\t\t<\/span>\n\t                  <\/div>\n\t                  \t                  \t                <\/div>\n\t              <\/div>\n\t            <\/li>\n\t            \t            <li class=\"team-list__item col-12 col-md-6 col-lg-4\" data-aos=\"fade\" data-aos-delay=\"1600\">\n\t              <div class=\"card card--team\" tabindex=\"0\">\n\t                \t                <div class=\"card__image\">\n\t                  <img loading=\"lazy\" decoding=\"async\" src=\"https:\/\/sumgrup.com.tr\/wp-content\/uploads\/2021\/08\/c8ae7384-9b14-49bb-b671-ce7605dad25c.jpg\" width=\"350\" height=\"530\" alt=\"Cahit Keskin\" \/>\n\t                <\/div>\n\t                \t                <div class=\"card__content\">\n\t                  \t                  <h3 class=\"card__heading\">\n\t                  \t<span >\n\t\t\t\t\t\t\tCahit Keskin\t\t\t\t\t\t<\/span>\n\t                  <\/h3>\n\t                  \t                  \t                  <div class=\"card__text\">\n\t                  \t<span >\n\t\t\t\t\t\t\tStewardry\t\t\t\t\t\t<\/span>\n\t                  <\/div>\n\t                  \t                  \t                <\/div>\n\t              <\/div>\n\t            <\/li>\n\t            \n\t            \t          <\/ul>\n\t          \t        <\/div>\n\t    <\/section>\n\n\t\t\t\t\t\t<\/div>\n\t\t\t\t<\/div>\n\t\t\t\t\t<\/div>\n\t\t<\/div>\n\t\t\t\t\t<\/div>\n\t\t<\/section>\n\t\t\t\t<\/div>","protected":false},"excerpt":{"rendered":"<p>\u00c7al\u0131\u015fma arkada\u015flar\u0131m\u0131z Fatih Ak\u0131n \u0130n\u015faat M\u00fchendisi Nezir Keskin \u0130n\u015faat M\u00fchendisi Ahmet Erdem Mermer Mimar Emre Akkiraz \u0130\u00e7 Mimar Dilan A\u015fnaz \u0130\u00e7 Mimar Fulya Korkmaz Mimar Burak G\u00f6\u011fercin Harita M\u00fchendisi Melehat Ece \u00d6z\u00e7eri Harita M\u00fchendisi Cahit Keskin Formen<\/p>","protected":false},"author":1,"featured_media":0,"parent":0,"menu_order":0,"comment_status":"closed","ping_status":"closed","template":"template-elementor-default.php","meta":{"_acf_changed":false,"footnotes":""},"class_list":["post-360","page","type-page","status-publish","hentry"],"acf":[],"aioseo_notices":[],"_links":{"self":[{"href":"https:\/\/sumgrup.com.tr\/en\/wp-json\/wp\/v2\/pages\/360","targetHints":{"allow":["GET"]}}],"collection":[{"href":"https:\/\/sumgrup.com.tr\/en\/wp-json\/wp\/v2\/pages"}],"about":[{"href":"https:\/\/sumgrup.com.tr\/en\/wp-json\/wp\/v2\/types\/page"}],"author":[{"embeddable":true,"href":"https:\/\/sumgrup.com.tr\/en\/wp-json\/wp\/v2\/users\/1"}],"replies":[{"embeddable":true,"href":"https:\/\/sumgrup.com.tr\/en\/wp-json\/wp\/v2\/comments?post=360"}],"version-history":[{"count":24,"href":"https:\/\/sumgrup.com.tr\/en\/wp-json\/wp\/v2\/pages\/360\/revisions"}],"predecessor-version":[{"id":1763,"href":"https:\/\/sumgrup.com.tr\/en\/wp-json\/wp\/v2\/pages\/360\/revisions\/1763"}],"wp:attachment":[{"href":"https:\/\/sumgrup.com.tr\/en\/wp-json\/wp\/v2\/media?parent=360"}],"curies":[{"name":"wp","href":"https:\/\/api.w.org\/{rel}","templated":true}]}}