{"id":421,"date":"2021-06-27T11:03:12","date_gmt":"2021-06-27T11:03:12","guid":{"rendered":"https:\/\/larson-demo.bslthemes.com\/?page_id=421"},"modified":"2025-01-05T13:42:13","modified_gmt":"2025-01-05T13:42:13","slug":"projelerimiz","status":"publish","type":"page","link":"https:\/\/sumgrup.com.tr\/en\/projelerimiz\/","title":{"rendered":"Our Projects"},"content":{"rendered":"<div data-elementor-type=\"wp-page\" data-elementor-id=\"421\" class=\"elementor elementor-421\">\n\t\t\t\t\t\t<section class=\"elementor-section elementor-top-section elementor-element elementor-element-a41e2b2 elementor-section-full_width elementor-section-height-default elementor-section-height-default\" data-id=\"a41e2b2\" data-element_type=\"section\">\n\t\t\t\t\t\t<div class=\"elementor-container elementor-column-gap-no\">\n\t\t\t\t\t<div class=\"elementor-column elementor-col-100 elementor-top-column elementor-element elementor-element-97c067e\" data-id=\"97c067e\" data-element_type=\"column\">\n\t\t\t<div class=\"elementor-widget-wrap elementor-element-populated\">\n\t\t\t\t\t\t<div class=\"elementor-element elementor-element-4f6d00e elementor-widget elementor-widget-larson-intro\" data-id=\"4f6d00e\" data-element_type=\"widget\" data-widget_type=\"larson-intro.default\">\n\t\t\t\t<div class=\"elementor-widget-container\">\n\t\t\t\t\t\n\t\t<article class=\"article\">\n\t        <header class=\"article__header\">\n\t          <div class=\"container\">\n\t            \t            <h1 class=\"article__heading heading heading--size-large\">\n\t            \t<span >\n\t\t\t\t\t\tOur Projects\t\t\t\t\t<\/span>\n\t            <\/h1>\n\t            \t            \t          <\/div>\n\t        <\/header>\n\t        \t    <\/article>\n\n\t\t\t\t\t\t<\/div>\n\t\t\t\t<\/div>\n\t\t\t\t\t<\/div>\n\t\t<\/div>\n\t\t\t\t\t<\/div>\n\t\t<\/section>\n\t\t\t\t<section class=\"elementor-section elementor-top-section elementor-element elementor-element-a301033 elementor-section-full_width elementor-section-height-default elementor-section-height-default\" data-id=\"a301033\" data-element_type=\"section\">\n\t\t\t\t\t\t<div class=\"elementor-container elementor-column-gap-no\">\n\t\t\t\t\t<div class=\"elementor-column elementor-col-100 elementor-top-column elementor-element elementor-element-82b94f1\" data-id=\"82b94f1\" data-element_type=\"column\">\n\t\t\t<div class=\"elementor-widget-wrap elementor-element-populated\">\n\t\t\t\t\t\t<div class=\"elementor-element elementor-element-65ce472 elementor-widget elementor-widget-larson-portfolio\" data-id=\"65ce472\" data-element_type=\"widget\" data-widget_type=\"larson-portfolio.default\">\n\t\t\t\t<div class=\"elementor-widget-container\">\n\t\t\t\t\t\n\t\t\t\t  <!-- Filter projects-->\n          <div class=\"article__filter filter container\">\n            <button class=\"filter__item filter__item--active __js_filter-btn\" type=\"button\" data-filter=\"*\">All<\/button>\n                        <button class=\"filter__item __js_filter-btn\" type=\"button\" data-filter=\".__js_yakinda\">Future<\/button>\n                        <button class=\"filter__item __js_filter-btn\" type=\"button\" data-filter=\".__js_tamamlanmis-proje\">Complete Project<\/button>\n                        <button class=\"filter__item __js_filter-btn\" type=\"button\" data-filter=\".__js_devam-eden-proje\">On -Going Project<\/button>\n                      <\/div>\n        \n\t\t<div class=\"article__main article__main--width-full container\">\n\n                    <ul class=\"projects-masonry row __js_projects-grid projects-grid-col-4\">\n          \t<li class=\"grid-sizer\"><\/li>\n          \t\n\n<li class=\"projects-masonry__item col-12 col-md-6 col-xl-3 __js_masonry-item __js_devam-eden-proje\">\n  <a class=\"card card--small card--masonry\" href=\"https:\/\/sumgrup.com.tr\/en\/portfolio\/item\/be-bodrum\/\">\n        <div class=\"card__image\">\n      <img decoding=\"async\" src=\"https:\/\/sumgrup.com.tr\/wp-content\/uploads\/2021\/08\/11-1-900x786.jpg\" alt=\"Be Bodrum\" \/>\n    <\/div>\n        <div class=\"card__content\">\n            <h3 class=\"card__heading\">\n      \tBe Bodrum      <\/h3>\n                  <div class=\"card__text\">\n      \tBe Bodrum, located in Bodrum G\u00fcndo\u011fan, offers an exclusive seafront lifestyle.      <\/div>\n            <div class=\"card__bottom\">\n        <span class=\"card__link\">\n          See project          <svg width=\"20\" height=\"20\">\n            <use xlink:href=\"#chevron-right\"><\/use>\n          <\/svg>\n        <\/span>\n      <\/div>\n    <\/div>\n  <\/a>\n<\/li>\n\n<li class=\"projects-masonry__item col-12 col-md-6 col-xl-3 __js_masonry-item __js_devam-eden-proje\">\n  <a class=\"card card--small card--masonry\" href=\"https:\/\/sumgrup.com.tr\/en\/portfolio\/item\/farilya\/\">\n        <div class=\"card__image\">\n      <img decoding=\"async\" src=\"https:\/\/sumgrup.com.tr\/wp-content\/uploads\/2021\/08\/5-1-900x800.jpg\" alt=\"Farilya Evleri\" \/>\n    <\/div>\n        <div class=\"card__content\">\n            <h3 class=\"card__heading\">\n      \tFarilya Evleri      <\/h3>\n                  <div class=\"card__text\">\n      \tFarilya Evleri, located in Bodrum G\u00fcndo\u011fan, is one of the region's most prestigious projects with its modern design and stunning sea views.      <\/div>\n            <div class=\"card__bottom\">\n        <span class=\"card__link\">\n          See project          <svg width=\"20\" height=\"20\">\n            <use xlink:href=\"#chevron-right\"><\/use>\n          <\/svg>\n        <\/span>\n      <\/div>\n    <\/div>\n  <\/a>\n<\/li>\n\n<li class=\"projects-masonry__item col-12 col-md-6 col-xl-3 __js_masonry-item __js_tamamlanmis-proje\">\n  <a class=\"card card--small card--masonry\" href=\"https:\/\/sumgrup.com.tr\/en\/portfolio\/item\/suda-evleri\/\">\n        <div class=\"card__image\">\n      <img decoding=\"async\" src=\"https:\/\/sumgrup.com.tr\/wp-content\/uploads\/2021\/08\/13-900x525.jpg\" alt=\"Suda Evleri\" \/>\n    <\/div>\n        <div class=\"card__content\">\n            <h3 class=\"card__heading\">\n      \tSuda Evleri      <\/h3>\n                  <div class=\"card__text\">\n      \tThis project by Sum Yap\u0131 in Bodrum adds value to the region with its modern architecture and natural surroundings.      <\/div>\n            <div class=\"card__bottom\">\n        <span class=\"card__link\">\n          See project          <svg width=\"20\" height=\"20\">\n            <use xlink:href=\"#chevron-right\"><\/use>\n          <\/svg>\n        <\/span>\n      <\/div>\n    <\/div>\n  <\/a>\n<\/li>\n\n<li class=\"projects-masonry__item col-12 col-md-6 col-xl-3 __js_masonry-item __js_tamamlanmis-proje\">\n  <a class=\"card card--small card--masonry\" href=\"https:\/\/sumgrup.com.tr\/en\/portfolio\/item\/sum-flat\/\">\n        <div class=\"card__image\">\n      <img decoding=\"async\" src=\"https:\/\/sumgrup.com.tr\/wp-content\/uploads\/2021\/08\/3-4-900x900.jpg\" alt=\"Sum Flat\" \/>\n    <\/div>\n        <div class=\"card__content\">\n            <h3 class=\"card__heading\">\n      \tSum Flat      <\/h3>\n                  <div class=\"card__text\">\n      \tSum Flat Evleri: The Shining Project of G\u00fcndo\u011fan.      <\/div>\n            <div class=\"card__bottom\">\n        <span class=\"card__link\">\n          See project          <svg width=\"20\" height=\"20\">\n            <use xlink:href=\"#chevron-right\"><\/use>\n          <\/svg>\n        <\/span>\n      <\/div>\n    <\/div>\n  <\/a>\n<\/li>\n\n<li class=\"projects-masonry__item col-12 col-md-6 col-xl-3 __js_masonry-item __js_devam-eden-proje\">\n  <a class=\"card card--small card--masonry\" href=\"https:\/\/sumgrup.com.tr\/en\/portfolio\/item\/sum-familia-3\/\">\n        <div class=\"card__image\">\n      <img decoding=\"async\" src=\"https:\/\/sumgrup.com.tr\/wp-content\/uploads\/2021\/08\/Buyuk-Farilya3-15-900x900.jpeg\" alt=\"Sum Familia 3\" \/>\n    <\/div>\n        <div class=\"card__content\">\n            <h3 class=\"card__heading\">\n      \tSum Familia 3      <\/h3>\n                  <div class=\"card__text\">\n      \tLuxury and Comfortable Living for Your Family in the Heart of G\u00fcndo\u011fan.      <\/div>\n            <div class=\"card__bottom\">\n        <span class=\"card__link\">\n          See project          <svg width=\"20\" height=\"20\">\n            <use xlink:href=\"#chevron-right\"><\/use>\n          <\/svg>\n        <\/span>\n      <\/div>\n    <\/div>\n  <\/a>\n<\/li>\n\n<li class=\"projects-masonry__item col-12 col-md-6 col-xl-3 __js_masonry-item __js_tamamlanmis-proje\">\n  <a class=\"card card--small card--masonry\" href=\"https:\/\/sumgrup.com.tr\/en\/portfolio\/item\/sun-gundogan\/\">\n        <div class=\"card__image\">\n      <img decoding=\"async\" src=\"https:\/\/sumgrup.com.tr\/wp-content\/uploads\/2021\/08\/Ekran-Resmi-2025-01-25-14.18.51-900x900.png\" alt=\"Sum Familia 1 ve 2\" \/>\n    <\/div>\n        <div class=\"card__content\">\n            <h3 class=\"card__heading\">\n      \tSum Familia 1And 2      <\/h3>\n                  <div class=\"card__text\">\n      \tModern and Stylish Apartments in G\u00fcndo\u011fan for Every Need! A comfortable, peaceful, and exclusive lifestyle awaits you and your family.      <\/div>\n            <div class=\"card__bottom\">\n        <span class=\"card__link\">\n          See project          <svg width=\"20\" height=\"20\">\n            <use xlink:href=\"#chevron-right\"><\/use>\n          <\/svg>\n        <\/span>\n      <\/div>\n    <\/div>\n  <\/a>\n<\/li>\n\n<li class=\"projects-masonry__item col-12 col-md-6 col-xl-3 __js_masonry-item __js_tamamlanmis-proje\">\n  <a class=\"card card--small card--masonry\" href=\"https:\/\/sumgrup.com.tr\/en\/portfolio\/item\/sum-kucukbuk\/\">\n        <div class=\"card__image\">\n      <img decoding=\"async\" src=\"https:\/\/sumgrup.com.tr\/wp-content\/uploads\/2021\/08\/kucukbuk12-900x808.png\" alt=\"Sum K\u00fc\u00e7\u00fckb\u00fck Evleri\" \/>\n    <\/div>\n        <div class=\"card__content\">\n            <h3 class=\"card__heading\">\n      \tSum K\u00fc\u00e7\u00fckb\u00fck Evleri      <\/h3>\n                  <div class=\"card__text\">\n      \tIn Bodrum K\u00fc\u00e7\u00fckb\u00fck Bay, luxurious villas offering an exclusive lifestyle with their proximity to the sea await you. Experience both comfort and tranquility with their modern design and harmony with nature.      <\/div>\n            <div class=\"card__bottom\">\n        <span class=\"card__link\">\n          See project          <svg width=\"20\" height=\"20\">\n            <use xlink:href=\"#chevron-right\"><\/use>\n          <\/svg>\n        <\/span>\n      <\/div>\n    <\/div>\n  <\/a>\n<\/li>\n\n<li class=\"projects-masonry__item col-12 col-md-6 col-xl-3 __js_masonry-item __js_tamamlanmis-proje\">\n  <a class=\"card card--small card--masonry\" href=\"https:\/\/sumgrup.com.tr\/en\/portfolio\/item\/sum-bodrum\/\">\n        <div class=\"card__image\">\n      <img decoding=\"async\" src=\"https:\/\/sumgrup.com.tr\/wp-content\/uploads\/2021\/08\/WhatsApp-Image-2025-02-07-at-11.27.36-900x761.jpeg\" alt=\"Sum Bodrum\" \/>\n    <\/div>\n        <div class=\"card__content\">\n            <h3 class=\"card__heading\">\n      \tSum Bodrum      <\/h3>\n                  <div class=\"card__text\">\n      \tLuxury and Peaceful Living in the Heart of the Aegean       <\/div>\n            <div class=\"card__bottom\">\n        <span class=\"card__link\">\n          See project          <svg width=\"20\" height=\"20\">\n            <use xlink:href=\"#chevron-right\"><\/use>\n          <\/svg>\n        <\/span>\n      <\/div>\n    <\/div>\n  <\/a>\n<\/li>\n\n<li class=\"projects-masonry__item col-12 col-md-6 col-xl-3 __js_masonry-item __js_tamamlanmis-proje\">\n  <a class=\"card card--small card--masonry\" href=\"https:\/\/sumgrup.com.tr\/en\/portfolio\/item\/sum-akyarlar\/\">\n        <div class=\"card__image\">\n      <img decoding=\"async\" src=\"https:\/\/sumgrup.com.tr\/wp-content\/uploads\/2021\/08\/Akyarlar-Proje-rotated-e1737803085144-900x813.jpeg\" alt=\"Sum Akyarlar\" \/>\n    <\/div>\n        <div class=\"card__content\">\n            <h3 class=\"card__heading\">\n      \tSum Akyarlar      <\/h3>\n                  <div class=\"card__text\">\n      \tPeaceful and Comfortable Apartments in Bodrum Akyarlar.      <\/div>\n            <div class=\"card__bottom\">\n        <span class=\"card__link\">\n          See project          <svg width=\"20\" height=\"20\">\n            <use xlink:href=\"#chevron-right\"><\/use>\n          <\/svg>\n        <\/span>\n      <\/div>\n    <\/div>\n  <\/a>\n<\/li>\n\n<li class=\"projects-masonry__item col-12 col-md-6 col-xl-3 __js_masonry-item __js_yakinda\">\n  <a class=\"card card--small card--masonry\" href=\"https:\/\/sumgrup.com.tr\/en\/portfolio\/item\/sum-kazdaglari\/\">\n        <div class=\"card__image\">\n      <img decoding=\"async\" src=\"https:\/\/sumgrup.com.tr\/wp-content\/uploads\/2021\/08\/1-3-900x795.jpg\" alt=\"Sum Demircik\u00f6y Kazda\u011flar\u0131\" \/>\n    <\/div>\n        <div class=\"card__content\">\n            <h3 class=\"card__heading\">\n      \tSum Demircik\u00f6y Kazda\u011flar\u0131      <\/h3>\n                  <div class=\"card__text\">\n      \tOur upcoming construction project in the Kaz Mountains aims to create modern living spaces while preserving the region\u2019s natural texture. Embracing an environmentally conscious approach, the project is designed to offer a sustainable living environment.      <\/div>\n            <div class=\"card__bottom\">\n        <span class=\"card__link\">\n          See project          <svg width=\"20\" height=\"20\">\n            <use xlink:href=\"#chevron-right\"><\/use>\n          <\/svg>\n        <\/span>\n      <\/div>\n    <\/div>\n  <\/a>\n<\/li>\n\n<li class=\"projects-masonry__item col-12 col-md-6 col-xl-3 __js_masonry-item __js_tamamlanmis-proje\">\n  <a class=\"card card--small card--masonry\" href=\"https:\/\/sumgrup.com.tr\/en\/portfolio\/item\/sum-gundogan\/\">\n        <div class=\"card__image\">\n      <img decoding=\"async\" src=\"https:\/\/sumgrup.com.tr\/wp-content\/uploads\/2021\/08\/6-5-900x900.jpg\" alt=\"Sum G\u00fcndo\u011fan\" \/>\n    <\/div>\n        <div class=\"card__content\">\n            <h3 class=\"card__heading\">\n      \tSum G\u00fcndo\u011fan      <\/h3>\n                  <div class=\"card__text\">\n      \tPrestigious Living in Harmony with Nature in G\u00fcndo\u011fan\r\n      <\/div>\n            <div class=\"card__bottom\">\n        <span class=\"card__link\">\n          See project          <svg width=\"20\" height=\"20\">\n            <use xlink:href=\"#chevron-right\"><\/use>\n          <\/svg>\n        <\/span>\n      <\/div>\n    <\/div>\n  <\/a>\n<\/li>\n\n<li class=\"projects-masonry__item col-12 col-md-6 col-xl-3 __js_masonry-item __js_devam-eden-proje\">\n  <a class=\"card card--small card--masonry\" href=\"https:\/\/sumgrup.com.tr\/en\/portfolio\/item\/sum-gundogan-2\/\">\n        <div class=\"card__image\">\n      <img decoding=\"async\" src=\"https:\/\/sumgrup.com.tr\/wp-content\/uploads\/2021\/08\/E-900x900.png\" alt=\"Sum Boutiq\" \/>\n    <\/div>\n        <div class=\"card__content\">\n            <h3 class=\"card__heading\">\n      \tSum Boutiq      <\/h3>\n                  <div class=\"card__text\">\n      \tHayallerinizdeki Ev, Denizin Yan\u0131 Ba\u015f\u0131nda      <\/div>\n            <div class=\"card__bottom\">\n        <span class=\"card__link\">\n          See project          <svg width=\"20\" height=\"20\">\n            <use xlink:href=\"#chevron-right\"><\/use>\n          <\/svg>\n        <\/span>\n      <\/div>\n    <\/div>\n  <\/a>\n<\/li>          <\/ul>\n\n          \n        <\/div>\n\n\t\t\t\t\t\t<\/div>\n\t\t\t\t<\/div>\n\t\t\t\t\t<\/div>\n\t\t<\/div>\n\t\t\t\t\t<\/div>\n\t\t<\/section>\n\t\t\t\t<\/div>","protected":false},"excerpt":{"rendered":"<p>Projelerimiz All Tamamlanm\u0131\u015f Proje Devam Eden Proje Natura Projesi Bodrum\u2019un e\u015fsiz do\u011fal g\u00fczellikleriyle b\u00fct\u00fcnle\u015fen, modern ve estetik mimarisiyle dikkat \u00e7eken Natura Evleri See project Prokar Bodrum G\u00fcndo\u011fan\u2019da yer alan Be Bodrum, denize s\u0131f\u0131r konumuyla ayr\u0131cal\u0131kl\u0131 bir ya\u015fam sunuyor. See project Farilya Evleri Bodrum G\u00fcndo\u011fan\u2019da hayata ge\u00e7irilen Farilya Evleri, modern tasar\u0131m\u0131&#8230; <\/p>\n<div class=\"readmore\"><a href=\"https:\/\/sumgrup.com.tr\/en\/portfolio\/item\/sum-gundogan-2\/\" class=\"btn-link\">Read more<\/a><\/div>","protected":false},"author":1,"featured_media":0,"parent":0,"menu_order":0,"comment_status":"closed","ping_status":"closed","template":"template-elementor-default.php","meta":{"_acf_changed":false,"footnotes":""},"class_list":["post-421","page","type-page","status-publish","hentry"],"acf":[],"aioseo_notices":[],"_links":{"self":[{"href":"https:\/\/sumgrup.com.tr\/en\/wp-json\/wp\/v2\/pages\/421","targetHints":{"allow":["GET"]}}],"collection":[{"href":"https:\/\/sumgrup.com.tr\/en\/wp-json\/wp\/v2\/pages"}],"about":[{"href":"https:\/\/sumgrup.com.tr\/en\/wp-json\/wp\/v2\/types\/page"}],"author":[{"embeddable":true,"href":"https:\/\/sumgrup.com.tr\/en\/wp-json\/wp\/v2\/users\/1"}],"replies":[{"embeddable":true,"href":"https:\/\/sumgrup.com.tr\/en\/wp-json\/wp\/v2\/comments?post=421"}],"version-history":[{"count":5,"href":"https:\/\/sumgrup.com.tr\/en\/wp-json\/wp\/v2\/pages\/421\/revisions"}],"predecessor-version":[{"id":1930,"href":"https:\/\/sumgrup.com.tr\/en\/wp-json\/wp\/v2\/pages\/421\/revisions\/1930"}],"wp:attachment":[{"href":"https:\/\/sumgrup.com.tr\/en\/wp-json\/wp\/v2\/media?parent=421"}],"curies":[{"name":"wp","href":"https:\/\/api.w.org\/{rel}","templated":true}]}}